{"id":3311,"date":"2024-09-10T13:42:47","date_gmt":"2024-09-10T13:42:47","guid":{"rendered":"https:\/\/seawardsuites.com\/?page_id=3311"},"modified":"2024-09-10T13:44:46","modified_gmt":"2024-09-10T13:44:46","slug":"declaracion-de-accesibilidad","status":"publish","type":"page","link":"https:\/\/seawardsuites.com\/en\/declaracion-de-accesibilidad\/","title":{"rendered":"Declaraci\u00f3n de accesibilidad"},"content":{"rendered":"<p><div class=\"et_d4_element et_pb_section et_pb_section_0 et_pb_with_background  et_pb_css_mix_blend_mode et_section_regular et_block_section\" >\n\t\t\t\t\n\t\t\t\t\n\t\t\t\t\n\t\t\t\t\n\t\t\t\t\n\t\t\t\t\n\t\t\t\t<div class=\"et_d4_element et_pb_row et_pb_row_0  et_pb_css_mix_blend_mode et_block_row\">\n\t\t\t\t<div class=\"et_d4_element et_pb_column_4_4 et_pb_column et_pb_column_0  et_pb_css_mix_blend_mode et-last-child et_block_column\">\n\t\t\t\t\n\t\t\t\t\n\t\t\t\t\n\t\t\t\t\n\t\t\t\t<div class=\"et_pb_module et_d4_element et_pb_text et_pb_text_0  et_pb_text_align_left et_pb_bg_layout_light\">\n\t\t\t\t\n\t\t\t\t\n\t\t\t\t\n\t\t\t\t\n\t\t\t\t<div class=\"et_pb_text_inner\"><h2 style=\"text-align: center;\">INTRODUCCI\u00d3N<\/h2>\n<p style=\"text-align: center;\">Seaward Suites S.L. se ha comprometido a hacer accesible su sitio web, de conformidad con Real Decreto 1112\/2018, de 7 de septiembre, sobre accesibilidad de los sitios web y aplicaciones para dispositivos m\u00f3viles del sector p\u00fablico.<\/p>\n<p style=\"text-align: center;\">La presente declaraci\u00f3n de accesibilidad se aplica a https:\/\/seawardsuites.com.<\/p>\n<h2 style=\"text-align: center;\">SITUACI\u00d3N DE CUMPLIMIENTO<\/h2>\n<p style=\"text-align: center;\">Este sitio web es parcialmente conforme con el Real Decreto 1112\/2018, de 7 de septiembre, sobre accesibilidad de los sitios web y aplicaciones para dispositivos m\u00f3viles del sector p\u00fablico debido a la falta de conformidad de los aspectos que se indican a continuaci\u00f3n.<\/p>\n<h2 style=\"text-align: center;\">CONTENIDO NO ACCESIBLE<\/h2>\n<p style=\"text-align: center;\">El contenido que se recoge a continuaci\u00f3n no es accesible por lo siguiente:<\/p>\n<p style=\"text-align: center;\">Falta de conformidad con Real Decreto 1112\/2018, de 7 de septiembre, sobre accesibilidad de los sitios web y aplicaciones para dispositivos m\u00f3viles del sector p\u00fablico.<br \/>Puede ser que en alguna p\u00e1gina el contraste de los colores texto-fondo no alcancen por poco el ratio necesario. As\u00ed tampoco se dispone de un mecanismo para evitar los bloques de contenido repetidos. Tambi\u00e9n puede ser que alguna interfaz de usuario no tenga un foco de teclado visible. El idioma de cada pasaje no est\u00e1 etiquetado, sino que se realiza de manera general. Tampoco se dispone de servicios de apoyo integrados en la p\u00e1gina.<\/p>\n<p style=\"text-align: center;\">Carga desproporcionada: No aplica<\/p>\n<h2 style=\"text-align: center;\">PREPARACI\u00d3N DE LA PRESENTE DECLARACI\u00d3N DE ACCESIBILIDAD<\/h2>\n<p style=\"text-align: center;\">La presente declaraci\u00f3n fue preparada el 10 de septiembre de 2024.<br \/>El m\u00e9todo empleado para preparar la declaraci\u00f3n ha sido la autoevaluaci\u00f3n llevada a cabo por Softme.<\/p>\n<p style=\"text-align: center;\">\u00daltima revisi\u00f3n de la declaraci\u00f3n: el 10 de septiembre de 2024.<\/p>\n<h2 style=\"text-align: center;\">OBSERVACIONES Y DATOS DE CONTACTO<\/h2>\n<p style=\"text-align: center;\">Puede realizar comunicaciones sobre requisitos de accesibilidad (art\u00edculo 10.2.a) del Real Decreto 1112\/2018, de 7 de septiembre, sobre accesibilidad de los sitios web y aplicaciones para dispositivos m\u00f3viles del sector p\u00fablico como, por ejemplo:<\/p>\n<p style=\"text-align: center;\">Informar sobre cualquier posible incumplimiento por parte de este sitio web.<br \/>Transmitir otras dificultades de acceso al contenido.<br \/>Formular cualquier otra consulta o sugerencia de mejora relativa a la accesibilidad del sitio web.<\/p>\n<p style=\"text-align: center;\">A trav\u00e9s de la siguiente v\u00eda:<\/p>\n<p style=\"text-align: center;\">Correo electr\u00f3nico: marketing@softme.es<\/p>\n<h2 style=\"text-align: center;\">PROCEDIMIENTO DE APLICACI\u00d3N<\/h2>\n<p style=\"text-align: center;\">A trav\u00e9s de este procedimiento podr\u00e1 iniciar una reclamaci\u00f3n para conocer y oponerse a los motivos de la desestimaci\u00f3n de una solicitud de informaci\u00f3n accesible o queja, instar la adopci\u00f3n de las medidas oportunas en el caso de no estar de acuerdo con la decisi\u00f3n adoptada, o exponer las razones por las que se considera que la respuesta no cumple con los requisitos exigidos.<\/p><\/div>\n\t\t\t<\/div>\n\t\t\t<\/div>\n\t\t\t\t\n\t\t\t\t\n\t\t\t\t\n\t\t\t\t\n\t\t\t<\/div>\n\t\t\t\t\n\t\t\t\t\n\t\t\t<\/div><div id=\"footer\" class=\"et_d4_element et_pb_section et_pb_section_2 et_pb_with_background  et_pb_css_mix_blend_mode et_section_regular et_block_section\" >\n\t\t\t\t\n\t\t\t\t\n\t\t\t\t\n\t\t\t\t\n\t\t\t\t\n\t\t\t\t\n\t\t\t\t<div class=\"et_d4_element et_pb_row et_pb_row_1  et_pb_css_mix_blend_mode et_block_row\">\n\t\t\t\t<div class=\"et_d4_element et_pb_column_1_4 et_pb_column et_pb_column_1  et_pb_css_mix_blend_mode et_block_column\">\n\t\t\t\t\n\t\t\t\t\n\t\t\t\t\n\t\t\t\t\n\t\t\t\t<div class=\"et_pb_module et_d4_element et_pb_text et_pb_text_1  et_pb_text_align_left et_pb_bg_layout_light\">\n\t\t\t\t\n\t\t\t\t\n\t\t\t\t\n\t\t\t\t\n\t\t\t\t<div class=\"et_pb_text_inner\"><h3>Doubts?<\/h3>\n<p>We solve them for you. Contact us.<\/p><\/div>\n\t\t\t<\/div>\n\t\t\t<\/div><div class=\"et_d4_element et_pb_column_3_4 et_pb_column et_pb_column_2  et_pb_css_mix_blend_mode et-last-child et_block_column\">\n\t\t\t\t\n\t\t\t\t\n\t\t\t\t\n\t\t\t\t\n\t\t\t\t\n\t\t\t<div id=\"et_pb_contact_form_0\" class=\"et_pb_with_border et_pb_module et_d4_element et_pb_contact_form_0 et_pb_contact_form_container clearfix et_block_module\" data-form_unique_num=\"0\" data-form_unique_id=\"b683535b-2d03-47dd-a607-d606c7ab0ef7\">\n\t\t\t\t\n\t\t\t\t\n\t\t\t\t\n\t\t\t\t\n\t\t\t\t\n\t\t\t\t<div class=\"et-pb-contact-message\"><\/div>\n\t\t\t\t\n\t\t\t\t<div class=\"et_pb_contact\">\n\t\t\t\t\t<form class=\"et_pb_contact_form clearfix\" method=\"post\" action=\"https:\/\/seawardsuites.com\/en\/wp-json\/wp\/v2\/pages\/3311\" data-trp-original-action=\"https:\/\/seawardsuites.com\/en\/wp-json\/wp\/v2\/pages\/3311\">\n\t\t\t\t\t\t<p class=\"et_d4_element et_pb_contact_field et_pb_contact_field_0 et_pb_contact_field_last\" data-id=\"name\" data-type=\"input\">\n\t\t\t\t\n\t\t\t\t\n\t\t\t\t\n\t\t\t\t\n\t\t\t\t<label for=\"et_pb_contact_name_0\" class=\"et_pb_contact_form_label\">Name<\/label>\n\t\t\t\t<input type=\"text\" id=\"et_pb_contact_name_0\" class=\"input\" value=\"\" name=\"et_pb_contact_name_0\" data-required_mark=\"required\" data-field_type=\"input\" data-original_id=\"name\" placeholder=\"Name\">\n\t\t\t<\/p><p class=\"et_d4_element et_pb_contact_field et_pb_contact_field_1 et_pb_contact_field_last\" data-id=\"email\" data-type=\"email\">\n\t\t\t\t\n\t\t\t\t\n\t\t\t\t\n\t\t\t\t\n\t\t\t\t<label for=\"et_pb_contact_email_0\" class=\"et_pb_contact_form_label\">E-mail address<\/label>\n\t\t\t\t<input type=\"text\" id=\"et_pb_contact_email_0\" class=\"input\" value=\"\" name=\"et_pb_contact_email_0\" data-required_mark=\"required\" data-field_type=\"email\" data-original_id=\"email\" placeholder=\"E-mail address\">\n\t\t\t<\/p><p class=\"et_d4_element et_pb_contact_field et_pb_contact_field_2 et_pb_contact_field_last\" data-id=\"message\" data-type=\"input\">\n\t\t\t\t\n\t\t\t\t\n\t\t\t\t\n\t\t\t\t\n\t\t\t\t<label for=\"et_pb_contact_message_0\" class=\"et_pb_contact_form_label\">Message<\/label>\n\t\t\t\t<input type=\"text\" id=\"et_pb_contact_message_0\" class=\"input\" value=\"\" name=\"et_pb_contact_message_0\" data-required_mark=\"required\" data-field_type=\"input\" data-original_id=\"message\" placeholder=\"Message\">\n\t\t\t<\/p><p class=\"et_pb_with_border et_d4_element et_pb_contact_field et_pb_contact_field_3 et_pb_contact_field_half\" data-id=\"aceptar\" data-type=\"checkbox\">\n\t\t\t\t\n\t\t\t\t\n\t\t\t\t\n\t\t\t\t\n\t\t\t\t<label for=\"et_pb_contact_aceptar_0\" class=\"et_pb_contact_form_label\"> <\/label>\n\t\t\t\t<input class=\"et_pb_checkbox_handle\" type=\"hidden\" name=\"et_pb_contact_aceptar_0\" data-required_mark=\"required\" data-field_type=\"checkbox\" data-original_id=\"aceptar\">\n\t\t\t\t\t<span class=\"et_pb_contact_field_options_wrapper\">\n\t\t\t\t\t\t<span class=\"et_pb_contact_field_options_title\"> <\/span>\n\t\t\t\t\t\t<span class=\"et_pb_contact_field_options_list\"><span class=\"et_pb_contact_field_checkbox\">\n\t\t\t\t\t\t\t<input type=\"checkbox\" id=\"et_pb_contact_aceptar_3_0\" class=\"input\" value=\"Aceptar la pol\u00edtica de privacidad\" data-id=\"-1\">\n\t\t\t\t\t\t\t<label for=\"et_pb_contact_aceptar_3_0\"><i><\/i>Accept the privacy policy<\/label>\n\t\t\t\t\t\t<\/span><\/span>\n\t\t\t\t\t<\/span>\n\t\t\t<\/p>\n\t\t\t\t\t\t<input type=\"hidden\" value=\"et_contact_proccess\" name=\"et_pb_contactform_submit_0\"\/>\n\t\t\t\t\t\t<div class=\"et_contact_bottom_container\">\n\t\t\t\t\t\t\t\n\t\t\t\t\t\t\t<button type=\"submit\" name=\"et_builder_submit_button\" class=\"et_pb_contact_submit et_pb_button\">SEND<\/button>\n\t\t\t\t\t\t<\/div>\n\t\t\t\t\t\t<input type=\"hidden\" id=\"_wpnonce-et-pb-contact-form-submitted-0\" name=\"_wpnonce-et-pb-contact-form-submitted-0\" value=\"1630532b64\" \/><input type=\"hidden\" name=\"_wp_http_referer\" value=\"\/en\/wp-json\/wp\/v2\/pages\/3311\" \/>\n\t\t\t\t\t<input type=\"hidden\" name=\"trp-form-language\" value=\"en\"\/><\/form>\n\t\t\t\t<\/div>\n\t\t\t<\/div>\n\t\t\t\n\t\t\t<\/div>\n\t\t\t\t\n\t\t\t\t\n\t\t\t\t\n\t\t\t\t\n\t\t\t<\/div><div class=\"et_d4_element et_pb_row et_pb_row_2  et_pb_css_mix_blend_mode et_block_row\">\n\t\t\t\t<div class=\"et_d4_element et_pb_column_4_4 et_pb_column et_pb_column_3  et_pb_css_mix_blend_mode et-last-child et_block_column\">\n\t\t\t\t\n\t\t\t\t\n\t\t\t\t\n\t\t\t\t\n\t\t\t\t<div class=\"et_pb_module et_d4_element et_pb_text et_pb_text_2  et_pb_text_align_left et_pb_bg_layout_light\">\n\t\t\t\t\n\t\t\t\t\n\t\t\t\t\n\t\t\t\t\n\t\t\t\t<div class=\"et_pb_text_inner\"><h2>Your journey.<\/h2><\/div>\n\t\t\t<\/div>\n\t\t\t<\/div>\n\t\t\t\t\n\t\t\t\t\n\t\t\t\t\n\t\t\t\t\n\t\t\t<\/div><div class=\"et_d4_element et_pb_row et_pb_row_3 et_pb_equal_columns et_pb_gutters1  et_pb_css_mix_blend_mode et_block_row\">\n\t\t\t\t<div class=\"et_d4_element et_pb_column_1_6 et_pb_column et_pb_column_4  et_pb_css_mix_blend_mode et_block_column\">\n\t\t\t\t\n\t\t\t\t\n\t\t\t\t\n\t\t\t\t\n\t\t\t\t<div class=\"et_pb_module et_d4_element et_pb_image et_pb_image_0\">\n\t\t\t\t\n\t\t\t\t\n\t\t\t\t\n\t\t\t\t\n\t\t\t\t<a href=\"https:\/\/seawardsuites.com\/en\/\"><span class=\"et_pb_image_wrap\"><img decoding=\"async\" src=\"https:\/\/seawardsuites.com\/wp-content\/uploads\/2023\/03\/Logo-Seaward-Suites.svg\" alt=\"\" title=\"\" class=\"wp-image-51\" \/><\/span><\/a>\n\t\t\t<\/div>\n\t\t\t<\/div><div class=\"et_d4_element et_pb_column_1_6 et_pb_column et_pb_column_5  et_pb_css_mix_blend_mode et_block_column\">\n\t\t\t\t\n\t\t\t\t\n\t\t\t\t\n\t\t\t\t\n\t\t\t\t<div class=\"et_pb_module et_d4_element et_pb_text et_pb_text_3  et_pb_text_align_left et_pb_text_align_center-tablet et_pb_bg_layout_light\">\n\t\t\t\t\n\t\t\t\t\n\t\t\t\t\n\t\t\t\t\n\t\t\t\t<div class=\"et_pb_text_inner\"><h4>Seaward Suites<\/h4>\n<p>Flats in La Vila. Enjoy this city by staying in its heart.<\/p><\/div>\n\t\t\t<\/div>\n\t\t\t<\/div><div class=\"et_d4_element et_pb_column_1_6 et_pb_column et_pb_column_6  et_pb_css_mix_blend_mode et_block_column\">\n\t\t\t\t\n\t\t\t\t\n\t\t\t\t\n\t\t\t\t\n\t\t\t\t<div class=\"et_pb_module et_d4_element et_pb_text et_pb_text_4  et_pb_text_align_left et_pb_text_align_center-tablet et_pb_bg_layout_light\">\n\t\t\t\t\n\t\t\t\t\n\t\t\t\t\n\t\t\t\t\n\t\t\t\t<div class=\"et_pb_text_inner\"><span data-olk-copy-source=\"MessageBody\">Avda l\u00b4aiguera 5,<\/span><br \/>\n<span data-olk-copy-source=\"MessageBody\">Local 2, <\/span><br \/>\n<span data-olk-copy-source=\"MessageBody\">Benidorm.<\/span><\/div>\n\t\t\t<\/div>\n\t\t\t<\/div><div class=\"et_d4_element et_pb_column_1_2 et_pb_column et_pb_column_7  et_pb_css_mix_blend_mode et-last-child et_block_column\">\n\t\t\t\t\n\t\t\t\t\n\t\t\t\t\n\t\t\t\t\n\t\t\t\t<div class=\"et_pb_module et_d4_element et_pb_text et_pb_text_5 hover_enlaces_footer  et_pb_text_align_right et_pb_text_align_center-tablet et_pb_bg_layout_light\">\n\t\t\t\t\n\t\t\t\t\n\t\t\t\t\n\t\t\t\t\n\t\t\t\t<div class=\"et_pb_text_inner\" data-et-multi-view=\"{&quot;schema&quot;:{&quot;content&quot;:{&quot;desktop&quot;:&quot;&lt;h5&gt;&lt;a href=\\&quot;politica-de-privacidad\\&quot;&gt;Pol\\u00edtica de Privacidad&lt;\\\/a&gt;&lt;\\\/h5&gt;\\n&lt;h5&gt;&lt;a href=\\&quot;politica-de-cookies\\\/\\&quot;&gt;Pol\\u00edtica de Cookies&lt;\\\/a&gt;&lt;\\\/h5&gt;\\n&lt;h5&gt;&lt;a href=\\&quot;aviso-legal\\&quot;&gt;Aviso Legal&lt;\\\/a&gt;&lt;\\\/h5&gt;\\n&lt;p&gt;N\\u00famero gestor 1373&lt;\\\/p&gt;\\n&lt;p&gt;&lt;em&gt;Desarrollado por &lt;a href=\\&quot;https:\\\/\\\/softme.es\\&quot; style=\\&quot;color: #d7ccb8;\\&quot;&gt;SOFTME&lt;\\\/a&gt;&lt;\\\/em&gt;&quot;,&quot;tablet&quot;:&quot;\\n&lt;h5&gt;&lt;a href=\\&quot;#\\&quot;&gt;Pol\\u00edtica de Privacidad&lt;\\\/a&gt;&lt;\\\/h5&gt;\\n&lt;p&gt;-&lt;\\\/p&gt;\\n&lt;h5&gt;&lt;a href=\\&quot;#\\&quot;&gt;Pol\\u00edtica de Cookies&lt;\\\/a&gt;&lt;\\\/h5&gt;\\n\\n&lt;p&gt;&lt;em&gt;Desarrollado por &lt;a href=\\&quot;https:\\\/\\\/softme.es\\&quot; style=\\&quot;color: #d7ccb8;\\&quot;&gt;SOFTME&lt;\\\/a&gt;&lt;\\\/em&gt;&lt;\\\/p&gt;\\n&quot;,&quot;phone&quot;:&quot;&lt;h5&gt;&lt;a href=\\&quot;#\\&quot;&gt;Pol\\u00edtica de Privacidad&lt;\\\/a&gt;&lt;\\\/h5&gt;\\n&lt;p&gt;-&lt;\\\/p&gt;\\n&lt;h5&gt;&lt;a href=\\&quot;#\\&quot;&gt;Pol\\u00edtica de Cookies&lt;\\\/a&gt;&lt;\\\/h5&gt;\\n\\n&lt;p&gt;&lt;em&gt;Desarrollado por &lt;a href=\\&quot;https:\\\/\\\/softme.es\\&quot; style=\\&quot;color: #d7ccb8;\\&quot;&gt;SOFTME&lt;\\\/a&gt;&lt;\\\/em&gt;&lt;\\\/p&gt;&quot;},&quot;target&quot;:&quot;&quot;,&quot;hover_selector&quot;:&quot;&quot;},&quot;slug&quot;:&quot;et_pb_text&quot;}\" data-et-multi-view-load-tablet-hidden=\"true\" data-et-multi-view-load-phone-hidden=\"true\"><h5><a href=\"\/en\/politica-de-privacidad\/\">Privacy Policy<\/a><\/h5>\n<h5><a href=\"\/en\/politica-de-cookies\/\">Cookie Policy<\/a><\/h5>\n<h5><a href=\"\/en\/aviso-legal\/\">Aviso Legal<\/a><\/h5>\n<p>N\u00famero gestor 1373<\/p>\n<p><em>Developed by <a href=\"https:\/\/softme.es\" style=\"color: #d7ccb8;\">SOFTME<\/a><\/em><\/div>\n\t\t\t<\/div>\n\t\t\t<\/div>\n\t\t\t\t\n\t\t\t\t\n\t\t\t\t\n\t\t\t\t\n\t\t\t<\/div>\n\t\t\t\t\n\t\t\t\t\n\t\t\t<\/div><\/p>","protected":false},"excerpt":{"rendered":"","protected":false},"author":1,"featured_media":0,"parent":0,"menu_order":0,"comment_status":"closed","ping_status":"closed","template":"","meta":{"inline_featured_image":false,"_et_pb_use_builder":"on","_et_pb_old_content":"","_et_gb_content_width":"","footnotes":""},"class_list":["post-3311","page","type-page","status-publish","hentry"],"yoast_head":"<!-- This site is optimized with the Yoast SEO plugin v27.3 - https:\/\/yoast.com\/product\/yoast-seo-wordpress\/ -->\n<title>Declaraci\u00f3n de accesibilidad - Seaward Suites<\/title>\n<meta name=\"robots\" content=\"index, follow, max-snippet:-1, max-image-preview:large, max-video-preview:-1\" \/>\n<link rel=\"canonical\" href=\"https:\/\/seawardsuites.com\/en\/declaracion-de-accesibilidad\/\" \/>\n<meta property=\"og:locale\" content=\"en_GB\" \/>\n<meta property=\"og:type\" content=\"article\" \/>\n<meta property=\"og:title\" content=\"Declaraci\u00f3n de accesibilidad - Seaward Suites\" \/>\n<meta property=\"og:url\" content=\"https:\/\/seawardsuites.com\/en\/declaracion-de-accesibilidad\/\" \/>\n<meta property=\"og:site_name\" content=\"Seaward Suites\" \/>\n<meta property=\"article:modified_time\" content=\"2024-09-10T13:44:46+00:00\" \/>\n<meta name=\"twitter:card\" content=\"summary_large_image\" \/>\n<script type=\"application\/ld+json\" class=\"yoast-schema-graph\">{\"@context\":\"https:\\\/\\\/schema.org\",\"@graph\":[{\"@type\":\"WebPage\",\"@id\":\"https:\\\/\\\/seawardsuites.com\\\/declaracion-de-accesibilidad\\\/\",\"url\":\"https:\\\/\\\/seawardsuites.com\\\/declaracion-de-accesibilidad\\\/\",\"name\":\"Declaraci\u00f3n de accesibilidad - Seaward Suites\",\"isPartOf\":{\"@id\":\"http:\\\/\\\/localhost\\\/seawardsuites\\\/#website\"},\"datePublished\":\"2024-09-10T13:42:47+00:00\",\"dateModified\":\"2024-09-10T13:44:46+00:00\",\"breadcrumb\":{\"@id\":\"https:\\\/\\\/seawardsuites.com\\\/declaracion-de-accesibilidad\\\/#breadcrumb\"},\"inLanguage\":\"en-GB\",\"potentialAction\":[{\"@type\":\"ReadAction\",\"target\":[\"https:\\\/\\\/seawardsuites.com\\\/declaracion-de-accesibilidad\\\/\"]}]},{\"@type\":\"BreadcrumbList\",\"@id\":\"https:\\\/\\\/seawardsuites.com\\\/declaracion-de-accesibilidad\\\/#breadcrumb\",\"itemListElement\":[{\"@type\":\"ListItem\",\"position\":1,\"name\":\"Portada\",\"item\":\"https:\\\/\\\/seawardsuites.com\\\/\"},{\"@type\":\"ListItem\",\"position\":2,\"name\":\"Declaraci\u00f3n de accesibilidad\"}]},{\"@type\":\"WebSite\",\"@id\":\"http:\\\/\\\/localhost\\\/seawardsuites\\\/#website\",\"url\":\"http:\\\/\\\/localhost\\\/seawardsuites\\\/\",\"name\":\"Seaward Suites\",\"description\":\"Seaward Suites\",\"publisher\":{\"@id\":\"http:\\\/\\\/localhost\\\/seawardsuites\\\/#organization\"},\"potentialAction\":[{\"@type\":\"SearchAction\",\"target\":{\"@type\":\"EntryPoint\",\"urlTemplate\":\"http:\\\/\\\/localhost\\\/seawardsuites\\\/?s={search_term_string}\"},\"query-input\":{\"@type\":\"PropertyValueSpecification\",\"valueRequired\":true,\"valueName\":\"search_term_string\"}}],\"inLanguage\":\"en-GB\"},{\"@type\":\"Organization\",\"@id\":\"http:\\\/\\\/localhost\\\/seawardsuites\\\/#organization\",\"name\":\"Seaward Suites\",\"url\":\"http:\\\/\\\/localhost\\\/seawardsuites\\\/\",\"logo\":{\"@type\":\"ImageObject\",\"inLanguage\":\"en-GB\",\"@id\":\"http:\\\/\\\/localhost\\\/seawardsuites\\\/#\\\/schema\\\/logo\\\/image\\\/\",\"url\":\"https:\\\/\\\/seawardsuites.com\\\/wp-content\\\/uploads\\\/2023\\\/03\\\/Logo-Seaward-Suites.svg\",\"contentUrl\":\"https:\\\/\\\/seawardsuites.com\\\/wp-content\\\/uploads\\\/2023\\\/03\\\/Logo-Seaward-Suites.svg\",\"width\":\"1024\",\"height\":\"1024\",\"caption\":\"Seaward Suites\"},\"image\":{\"@id\":\"http:\\\/\\\/localhost\\\/seawardsuites\\\/#\\\/schema\\\/logo\\\/image\\\/\"}}]}<\/script>\n<!-- \/ Yoast SEO plugin. -->","yoast_head_json":{"title":"Declaraci\u00f3n de accesibilidad - Seaward Suites","robots":{"index":"index","follow":"follow","max-snippet":"max-snippet:-1","max-image-preview":"max-image-preview:large","max-video-preview":"max-video-preview:-1"},"canonical":"https:\/\/seawardsuites.com\/en\/declaracion-de-accesibilidad\/","og_locale":"en_GB","og_type":"article","og_title":"Declaraci\u00f3n de accesibilidad - Seaward Suites","og_url":"https:\/\/seawardsuites.com\/en\/declaracion-de-accesibilidad\/","og_site_name":"Seaward Suites","article_modified_time":"2024-09-10T13:44:46+00:00","twitter_card":"summary_large_image","schema":{"@context":"https:\/\/schema.org","@graph":[{"@type":"WebPage","@id":"https:\/\/seawardsuites.com\/declaracion-de-accesibilidad\/","url":"https:\/\/seawardsuites.com\/declaracion-de-accesibilidad\/","name":"Declaraci\u00f3n de accesibilidad - Seaward Suites","isPartOf":{"@id":"http:\/\/localhost\/seawardsuites\/#website"},"datePublished":"2024-09-10T13:42:47+00:00","dateModified":"2024-09-10T13:44:46+00:00","breadcrumb":{"@id":"https:\/\/seawardsuites.com\/declaracion-de-accesibilidad\/#breadcrumb"},"inLanguage":"en-GB","potentialAction":[{"@type":"ReadAction","target":["https:\/\/seawardsuites.com\/declaracion-de-accesibilidad\/"]}]},{"@type":"BreadcrumbList","@id":"https:\/\/seawardsuites.com\/declaracion-de-accesibilidad\/#breadcrumb","itemListElement":[{"@type":"ListItem","position":1,"name":"Portada","item":"https:\/\/seawardsuites.com\/"},{"@type":"ListItem","position":2,"name":"Declaraci\u00f3n de accesibilidad"}]},{"@type":"WebSite","@id":"http:\/\/localhost\/seawardsuites\/#website","url":"http:\/\/localhost\/seawardsuites\/","name":"Seaward Suites","description":"Seaward Suites","publisher":{"@id":"http:\/\/localhost\/seawardsuites\/#organization"},"potentialAction":[{"@type":"SearchAction","target":{"@type":"EntryPoint","urlTemplate":"http:\/\/localhost\/seawardsuites\/?s={search_term_string}"},"query-input":{"@type":"PropertyValueSpecification","valueRequired":true,"valueName":"search_term_string"}}],"inLanguage":"en-GB"},{"@type":"Organization","@id":"http:\/\/localhost\/seawardsuites\/#organization","name":"Seaward Suites","url":"http:\/\/localhost\/seawardsuites\/","logo":{"@type":"ImageObject","inLanguage":"en-GB","@id":"http:\/\/localhost\/seawardsuites\/#\/schema\/logo\/image\/","url":"https:\/\/seawardsuites.com\/wp-content\/uploads\/2023\/03\/Logo-Seaward-Suites.svg","contentUrl":"https:\/\/seawardsuites.com\/wp-content\/uploads\/2023\/03\/Logo-Seaward-Suites.svg","width":"1024","height":"1024","caption":"Seaward Suites"},"image":{"@id":"http:\/\/localhost\/seawardsuites\/#\/schema\/logo\/image\/"}}]}},"_links":{"self":[{"href":"https:\/\/seawardsuites.com\/en\/wp-json\/wp\/v2\/pages\/3311","targetHints":{"allow":["GET"]}}],"collection":[{"href":"https:\/\/seawardsuites.com\/en\/wp-json\/wp\/v2\/pages"}],"about":[{"href":"https:\/\/seawardsuites.com\/en\/wp-json\/wp\/v2\/types\/page"}],"author":[{"embeddable":true,"href":"https:\/\/seawardsuites.com\/en\/wp-json\/wp\/v2\/users\/1"}],"replies":[{"embeddable":true,"href":"https:\/\/seawardsuites.com\/en\/wp-json\/wp\/v2\/comments?post=3311"}],"version-history":[{"count":4,"href":"https:\/\/seawardsuites.com\/en\/wp-json\/wp\/v2\/pages\/3311\/revisions"}],"predecessor-version":[{"id":3316,"href":"https:\/\/seawardsuites.com\/en\/wp-json\/wp\/v2\/pages\/3311\/revisions\/3316"}],"wp:attachment":[{"href":"https:\/\/seawardsuites.com\/en\/wp-json\/wp\/v2\/media?parent=3311"}],"curies":[{"name":"wp","href":"https:\/\/api.w.org\/{rel}","templated":true}]}}